{"id":1483,"date":"2025-11-11T19:07:53","date_gmt":"2025-11-11T17:07:53","guid":{"rendered":"http:\/\/sergisabate.cat\/blog\/?page_id=1483"},"modified":"2025-11-11T19:07:53","modified_gmt":"2025-11-11T17:07:53","slug":"hola","status":"publish","type":"page","link":"http:\/\/sergisabate.cat\/blog\/","title":{"rendered":"Hola!"},"content":{"rendered":"<p style=\"text-align: center;\"><img loading=\"lazy\" decoding=\"async\" class=\"wp-image-1743 size-medium aligncenter\" src=\"http:\/\/sergisabate.cat\/blog\/wp-content\/uploads\/2024\/11\/dircab5-300x225.jpg\" alt=\"\" width=\"300\" height=\"225\" srcset=\"http:\/\/sergisabate.cat\/blog\/wp-content\/uploads\/2024\/11\/dircab5-300x225.jpg 300w, http:\/\/sergisabate.cat\/blog\/wp-content\/uploads\/2024\/11\/dircab5-1024x768.jpg 1024w, http:\/\/sergisabate.cat\/blog\/wp-content\/uploads\/2024\/11\/dircab5-768x576.jpg 768w, http:\/\/sergisabate.cat\/blog\/wp-content\/uploads\/2024\/11\/dircab5-1200x900.jpg 1200w, http:\/\/sergisabate.cat\/blog\/wp-content\/uploads\/2024\/11\/dircab5.jpg 1280w\" sizes=\"auto, (max-width: 300px) 100vw, 300px\" \/><\/p>\n<p style=\"text-align: left;\">Soc en <strong>Sergi Sabat\u00e9, p<\/strong><strong>eriodista <\/strong>penedesenc, especialitzat en comunicaci\u00f3 corporativa i p\u00fablica, relacions institucionals, protocol i direcci\u00f3 d\u2019afers p\u00fablics. Tinc una llarga experi\u00e8ncia en institucions p\u00fabliques i tamb\u00e9 he treballat en mitjans de comunicaci\u00f3 i en gesti\u00f3 d&#8217;esdeveniments.<\/p>\n<p style=\"text-align: left;\">Actualment treballo com a funcionari a l&#8217;<strong>administraci\u00f3 local<\/strong> en mat\u00e8ria de <strong>protocol<\/strong> i <strong>relacions institucionals<\/strong>.<\/p>\n\n\n<p><\/p>\n\n\n\n<p><strong>PUBLICACIONS:<\/strong><\/p>\n\n\n\n<div class=\"wp-block-media-text is-stacked-on-mobile\" style=\"grid-template-columns:19% auto\"><figure class=\"wp-block-media-text__media\"><img loading=\"lazy\" decoding=\"async\" width=\"220\" height=\"330\" src=\"http:\/\/sergisabate.cat\/blog\/wp-content\/uploads\/2024\/11\/capde_portada.jpg\" alt=\"\" class=\"wp-image-1756 size-full\" srcset=\"http:\/\/sergisabate.cat\/blog\/wp-content\/uploads\/2024\/11\/capde_portada.jpg 220w, http:\/\/sergisabate.cat\/blog\/wp-content\/uploads\/2024\/11\/capde_portada-200x300.jpg 200w\" sizes=\"auto, (max-width: 220px) 100vw, 220px\" \/><\/figure><div class=\"wp-block-media-text__content\">\n<p>Coautor del llibre <a href=\"https:\/\/sergisabate.cat\/blog\/cap-de-gabinet\/\"><em><strong>Cap de Gabinet: manual d&#8217;instruccions per ajudar a governar<\/strong><\/em><\/a> (en catal\u00e0 i en castell\u00e0).<\/p>\n<\/div><\/div>\n\n\n\n<p><\/p>\n\n\n\n<p><\/p>\n","protected":false},"excerpt":{"rendered":"<p>Soc en Sergi Sabat\u00e9, periodista penedesenc, especialitzat en comunicaci\u00f3 corporativa i p\u00fablica, relacions institucionals, protocol i direcci\u00f3 d\u2019afers p\u00fablics. Tinc una llarga experi\u00e8ncia en institucions p\u00fabliques i tamb\u00e9 he treballat en mitjans de comunicaci\u00f3 i en gesti\u00f3 d&#8217;esdeveniments. Actualment treballo com a funcionari a l&#8217;administraci\u00f3 local en mat\u00e8ria de protocol i relacions institucionals. PUBLICACIONS: Coautor [&hellip;]<\/p>\n","protected":false},"author":1,"featured_media":0,"parent":0,"menu_order":0,"comment_status":"closed","ping_status":"closed","template":"","meta":{"footnotes":""},"class_list":["post-1483","page","type-page","status-publish","hentry"],"aioseo_notices":[],"_links":{"self":[{"href":"http:\/\/sergisabate.cat\/blog\/wp-json\/wp\/v2\/pages\/1483","targetHints":{"allow":["GET"]}}],"collection":[{"href":"http:\/\/sergisabate.cat\/blog\/wp-json\/wp\/v2\/pages"}],"about":[{"href":"http:\/\/sergisabate.cat\/blog\/wp-json\/wp\/v2\/types\/page"}],"author":[{"embeddable":true,"href":"http:\/\/sergisabate.cat\/blog\/wp-json\/wp\/v2\/users\/1"}],"replies":[{"embeddable":true,"href":"http:\/\/sergisabate.cat\/blog\/wp-json\/wp\/v2\/comments?post=1483"}],"version-history":[{"count":31,"href":"http:\/\/sergisabate.cat\/blog\/wp-json\/wp\/v2\/pages\/1483\/revisions"}],"predecessor-version":[{"id":1818,"href":"http:\/\/sergisabate.cat\/blog\/wp-json\/wp\/v2\/pages\/1483\/revisions\/1818"}],"wp:attachment":[{"href":"http:\/\/sergisabate.cat\/blog\/wp-json\/wp\/v2\/media?parent=1483"}],"curies":[{"name":"wp","href":"https:\/\/api.w.org\/{rel}","templated":true}]}}